{"id":2310,"date":"2021-11-03T14:36:41","date_gmt":"2021-11-03T13:36:41","guid":{"rendered":"https:\/\/rupertigau.at\/?page_id=2310"},"modified":"2021-11-03T14:37:15","modified_gmt":"2021-11-03T13:37:15","slug":"camere-comfort","status":"publish","type":"page","link":"https:\/\/rupertigau.at\/it\/camere-comfort\/","title":{"rendered":"Camere Comfort"},"content":{"rendered":"","protected":false},"excerpt":{"rendered":"","protected":false},"author":2,"featured_media":0,"parent":0,"menu_order":0,"comment_status":"closed","ping_status":"closed","template":"","meta":{"footnotes":""},"class_list":["post-2310","page","type-page","status-publish","hentry"],"yoast_head":"<!-- This site is optimized with the Yoast SEO plugin v22.2 - https:\/\/yoast.com\/wordpress\/plugins\/seo\/ -->\n<title>Camere Comfort - L\u00e4ndlicher Charme trifft urbanes Lebensgef\u00fchl<\/title>\n<meta name=\"robots\" content=\"index, follow, max-snippet:-1, max-image-preview:large, max-video-preview:-1\" \/>\n<link rel=\"canonical\" href=\"https:\/\/rupertigau.at\/it\/camere-comfort\/\" \/>\n<meta property=\"og:locale\" content=\"it_IT\" \/>\n<meta property=\"og:type\" content=\"article\" \/>\n<meta property=\"og:title\" content=\"Camere Comfort - L\u00e4ndlicher Charme trifft urbanes Lebensgef\u00fchl\" \/>\n<meta property=\"og:url\" content=\"https:\/\/rupertigau.at\/it\/camere-comfort\/\" \/>\n<meta property=\"og:site_name\" content=\"L\u00e4ndlicher Charme trifft urbanes Lebensgef\u00fchl\" \/>\n<meta property=\"article:modified_time\" content=\"2021-11-03T13:37:15+00:00\" \/>\n<meta name=\"twitter:card\" content=\"summary_large_image\" \/>\n<script type=\"application\/ld+json\" class=\"yoast-schema-graph\">{\"@context\":\"https:\/\/schema.org\",\"@graph\":[{\"@type\":\"WebPage\",\"@id\":\"https:\/\/rupertigau.at\/it\/camere-comfort\/\",\"url\":\"https:\/\/rupertigau.at\/it\/camere-comfort\/\",\"name\":\"Camere Comfort - L\u00e4ndlicher Charme trifft urbanes Lebensgef\u00fchl\",\"isPartOf\":{\"@id\":\"https:\/\/rupertigau.at\/it\/#website\"},\"datePublished\":\"2021-11-03T13:36:41+00:00\",\"dateModified\":\"2021-11-03T13:37:15+00:00\",\"breadcrumb\":{\"@id\":\"https:\/\/rupertigau.at\/it\/camere-comfort\/#breadcrumb\"},\"inLanguage\":\"it-IT\",\"potentialAction\":[{\"@type\":\"ReadAction\",\"target\":[\"https:\/\/rupertigau.at\/it\/camere-comfort\/\"]}]},{\"@type\":\"BreadcrumbList\",\"@id\":\"https:\/\/rupertigau.at\/it\/camere-comfort\/#breadcrumb\",\"itemListElement\":[{\"@type\":\"ListItem\",\"position\":1,\"name\":\"Startseite\",\"item\":\"https:\/\/rupertigau.at\/it\/\"},{\"@type\":\"ListItem\",\"position\":2,\"name\":\"Camere Comfort\"}]},{\"@type\":\"WebSite\",\"@id\":\"https:\/\/rupertigau.at\/it\/#website\",\"url\":\"https:\/\/rupertigau.at\/it\/\",\"name\":\"L\u00e4ndlicher Charme trifft urbanes Lebensgef\u00fchl\",\"description\":\"Hotel &amp; Restaurant - Rupertigau - Urlaub f\u00fcr die ganze Familie\",\"publisher\":{\"@id\":\"https:\/\/rupertigau.at\/it\/#organization\"},\"potentialAction\":[{\"@type\":\"SearchAction\",\"target\":{\"@type\":\"EntryPoint\",\"urlTemplate\":\"https:\/\/rupertigau.at\/it\/?s={search_term_string}\"},\"query-input\":\"required name=search_term_string\"}],\"inLanguage\":\"it-IT\"},{\"@type\":\"Organization\",\"@id\":\"https:\/\/rupertigau.at\/it\/#organization\",\"name\":\"L\u00e4ndlicher Charme trifft urbanes Lebensgef\u00fchl\",\"url\":\"https:\/\/rupertigau.at\/it\/\",\"logo\":{\"@type\":\"ImageObject\",\"inLanguage\":\"it-IT\",\"@id\":\"https:\/\/rupertigau.at\/it\/#\/schema\/logo\/image\/\",\"url\":\"https:\/\/rupertigau.at\/wp-content\/uploads\/2021\/10\/logo_rupertigau.png\",\"contentUrl\":\"https:\/\/rupertigau.at\/wp-content\/uploads\/2021\/10\/logo_rupertigau.png\",\"width\":195,\"height\":75,\"caption\":\"L\u00e4ndlicher Charme trifft urbanes Lebensgef\u00fchl\"},\"image\":{\"@id\":\"https:\/\/rupertigau.at\/it\/#\/schema\/logo\/image\/\"}}]}<\/script>\n<!-- \/ Yoast SEO plugin. -->","yoast_head_json":{"title":"Camere Comfort - L\u00e4ndlicher Charme trifft urbanes Lebensgef\u00fchl","robots":{"index":"index","follow":"follow","max-snippet":"max-snippet:-1","max-image-preview":"max-image-preview:large","max-video-preview":"max-video-preview:-1"},"canonical":"https:\/\/rupertigau.at\/it\/camere-comfort\/","og_locale":"it_IT","og_type":"article","og_title":"Camere Comfort - L\u00e4ndlicher Charme trifft urbanes Lebensgef\u00fchl","og_url":"https:\/\/rupertigau.at\/it\/camere-comfort\/","og_site_name":"L\u00e4ndlicher Charme trifft urbanes Lebensgef\u00fchl","article_modified_time":"2021-11-03T13:37:15+00:00","twitter_card":"summary_large_image","schema":{"@context":"https:\/\/schema.org","@graph":[{"@type":"WebPage","@id":"https:\/\/rupertigau.at\/it\/camere-comfort\/","url":"https:\/\/rupertigau.at\/it\/camere-comfort\/","name":"Camere Comfort - L\u00e4ndlicher Charme trifft urbanes Lebensgef\u00fchl","isPartOf":{"@id":"https:\/\/rupertigau.at\/it\/#website"},"datePublished":"2021-11-03T13:36:41+00:00","dateModified":"2021-11-03T13:37:15+00:00","breadcrumb":{"@id":"https:\/\/rupertigau.at\/it\/camere-comfort\/#breadcrumb"},"inLanguage":"it-IT","potentialAction":[{"@type":"ReadAction","target":["https:\/\/rupertigau.at\/it\/camere-comfort\/"]}]},{"@type":"BreadcrumbList","@id":"https:\/\/rupertigau.at\/it\/camere-comfort\/#breadcrumb","itemListElement":[{"@type":"ListItem","position":1,"name":"Startseite","item":"https:\/\/rupertigau.at\/it\/"},{"@type":"ListItem","position":2,"name":"Camere Comfort"}]},{"@type":"WebSite","@id":"https:\/\/rupertigau.at\/it\/#website","url":"https:\/\/rupertigau.at\/it\/","name":"L\u00e4ndlicher Charme trifft urbanes Lebensgef\u00fchl","description":"Hotel &amp; Restaurant - Rupertigau - Urlaub f\u00fcr die ganze Familie","publisher":{"@id":"https:\/\/rupertigau.at\/it\/#organization"},"potentialAction":[{"@type":"SearchAction","target":{"@type":"EntryPoint","urlTemplate":"https:\/\/rupertigau.at\/it\/?s={search_term_string}"},"query-input":"required name=search_term_string"}],"inLanguage":"it-IT"},{"@type":"Organization","@id":"https:\/\/rupertigau.at\/it\/#organization","name":"L\u00e4ndlicher Charme trifft urbanes Lebensgef\u00fchl","url":"https:\/\/rupertigau.at\/it\/","logo":{"@type":"ImageObject","inLanguage":"it-IT","@id":"https:\/\/rupertigau.at\/it\/#\/schema\/logo\/image\/","url":"https:\/\/rupertigau.at\/wp-content\/uploads\/2021\/10\/logo_rupertigau.png","contentUrl":"https:\/\/rupertigau.at\/wp-content\/uploads\/2021\/10\/logo_rupertigau.png","width":195,"height":75,"caption":"L\u00e4ndlicher Charme trifft urbanes Lebensgef\u00fchl"},"image":{"@id":"https:\/\/rupertigau.at\/it\/#\/schema\/logo\/image\/"}}]}},"_links":{"self":[{"href":"https:\/\/rupertigau.at\/it\/wp-json\/wp\/v2\/pages\/2310","targetHints":{"allow":["GET"]}}],"collection":[{"href":"https:\/\/rupertigau.at\/it\/wp-json\/wp\/v2\/pages"}],"about":[{"href":"https:\/\/rupertigau.at\/it\/wp-json\/wp\/v2\/types\/page"}],"author":[{"embeddable":true,"href":"https:\/\/rupertigau.at\/it\/wp-json\/wp\/v2\/users\/2"}],"replies":[{"embeddable":true,"href":"https:\/\/rupertigau.at\/it\/wp-json\/wp\/v2\/comments?post=2310"}],"version-history":[{"count":4,"href":"https:\/\/rupertigau.at\/it\/wp-json\/wp\/v2\/pages\/2310\/revisions"}],"predecessor-version":[{"id":2314,"href":"https:\/\/rupertigau.at\/it\/wp-json\/wp\/v2\/pages\/2310\/revisions\/2314"}],"wp:attachment":[{"href":"https:\/\/rupertigau.at\/it\/wp-json\/wp\/v2\/media?parent=2310"}],"curies":[{"name":"wp","href":"https:\/\/api.w.org\/{rel}","templated":true}]}}